{"id":14720,"date":"2021-05-07T16:23:11","date_gmt":"2021-05-07T16:23:11","guid":{"rendered":"https:\/\/grancomision.media\/comanda-completada\/"},"modified":"2021-05-07T16:23:13","modified_gmt":"2021-05-07T16:23:13","slug":"comanda-completada","status":"publish","type":"page","link":"https:\/\/grancomision.media\/ca\/comanda-completada\/","title":{"rendered":"Comanda Completada"},"content":{"rendered":"<section class=\"wpb-content-wrapper\"><p>[vc_row full_width=&#8221;stretch_row&#8221; content_placement=&#8221;middle&#8221; pix_particles_check=&#8221;&#8221; pix_visibility=&#8221;1&#8243; css=&#8221;.vc_custom_1593041894738{padding-top: 60px !important;padding-bottom: 60px !important;}&#8221;][vc_column width=&#8221;7\/12&#8243; css=&#8221;.vc_custom_1577523513721{padding-top: 40px !important;padding-bottom: 20px !important;}&#8221;]<h6 class=\"d-inline-block mr-1 animate-in\" data-anim-type=\"fade-in-up\" data-anim-delay=\"0\"><span class=\"badge font-weight-bold secondary-font bg-gray-2  vc_custom_1620404393007 \" style=\" \"><span class=\"text-heading-default\" style=\"\">Tot Correcte<\/span><\/span><\/h6><div class=\"mb-3 text-left  vc_custom_1620404257659\"><h2 class=\"mb-32 pix-sliding-headline font-weight-bold secondary-font\" data-class=\"secondary-font text-primary\" data-style=\"\">&#8216;La teva comanda s&#8217;ha completat amb \u00e8xit!<\/h2><\/div><div class=\"slide-in-container w-100  \" ><div class=\"d-inline-block\" style=\"max-width:640px;\"><p class=\"text-20  text-body-default  \" ><span class=\"animate-in d-inline-block\" data-anim-delay=\"200\" data-anim-type=\"fade-in-up\">Si la comanda que has realitzat era per a una traducci\u00f3, conversi\u00f3 a text o conversi\u00f3 a \u00e0udio senzills, el rebr\u00e0s en el teu correu en menys d&#8217;una hora. <\/span><\/p><\/div><\/div><a  href=\"https:\/\/grancomision.media\" class=\"btn mb-2   vc_custom_1620404438030  text-heading-default btn-underline-gray-4 d-inline-block    secondary-font  animate-in btn-md\"   data-anim-type=\"fade-in-up\" data-anim-delay=\"400\" ><span class=\"font-weight-bold  text-heading-default\" >Volver a p\u00e1gina principal<\/span> <i class=\"font-weight-bold pixicon-angle-right   ml-1\"><\/i><\/a>[\/vc_column][vc_column width=&#8221;5\/12&#8243;]<div id=\"duo-icon-181783645\" class=\"pix-icon text-left \"><div class=\"mr-32 d-inline-block text-green \"   style=\"width:360px;height:360px;position:relative;line-height:360px;text-align:center;\">\n<svg width=\"100%\" height=\"100%\" viewBox=\"0 0 24 24\" version=\"1.1\" xmlns=\"http:\/\/www.w3.org\/2000\/svg\" xmlns:xlink=\"http:\/\/www.w3.org\/1999\/xlink\">\n\n\n    \n    <defs><\/defs>\n    <g stroke=\"none\" stroke-width=\"1\" fill=\"none\" fill-rule=\"evenodd\">\n        \n        <path d=\"M9.26193932,16.6476484 C8.90425297,17.0684559 8.27315905,17.1196257 7.85235158,16.7619393 C7.43154411,16.404253 7.38037434,15.773159 7.73806068,15.3523516 L16.2380607,5.35235158 C16.6013618,4.92493855 17.2451015,4.87991302 17.6643638,5.25259068 L22.1643638,9.25259068 C22.5771466,9.6195087 22.6143273,10.2515811 22.2474093,10.6643638 C21.8804913,11.0771466 21.2484189,11.1143273 20.8356362,10.7474093 L17.0997854,7.42665306 L9.26193932,16.6476484 Z\" id=\"Path-94-Copy\" fill=\"#000000\" fill-rule=\"nonzero\" opacity=\"0.3\" transform=\"translate(14.999995, 11.000002) rotate(-180.000000) translate(-14.999995, -11.000002) \"><\/path>\n        <path d=\"M4.26193932,17.6476484 C3.90425297,18.0684559 3.27315905,18.1196257 2.85235158,17.7619393 C2.43154411,17.404253 2.38037434,16.773159 2.73806068,16.3523516 L11.2380607,6.35235158 C11.6013618,5.92493855 12.2451015,5.87991302 12.6643638,6.25259068 L17.1643638,10.2525907 C17.5771466,10.6195087 17.6143273,11.2515811 17.2474093,11.6643638 C16.8804913,12.0771466 16.2484189,12.1143273 15.8356362,11.7474093 L12.0997854,8.42665306 L4.26193932,17.6476484 Z\" fill=\"#000000\" fill-rule=\"nonzero\" transform=\"translate(9.999995, 12.000002) rotate(-180.000000) translate(-9.999995, -12.000002) \"><\/path>\n    <\/g>\n<\/svg><\/div><\/div>[\/vc_column][\/vc_row]<\/p>\r\n<\/section>","protected":false},"excerpt":{"rendered":"[vc_row full_width=&#8221;stretch_row&#8221; content_placement=&#8221;middle&#8221; pix_particles_check=&#8221;&#8221; pix_visibility=&#8221;1&#8243; css=&#8221;.vc_custom_1593041894738{padding-top: 60px !important;padding-bottom: 60px !important;}&#8221;][vc_column width=&#8221;7\/12&#8243; css=&#8221;.vc_custom_1577523513721{padding-top: 40px !important;padding-bottom: 20px !important;}&#8221;][\/vc_column][vc_column width=&#8221;5\/12&#8243;][\/vc_column][\/vc_row]","protected":false},"author":1,"featured_media":0,"parent":0,"menu_order":0,"comment_status":"closed","ping_status":"closed","template":"","meta":{"footnotes":""},"class_list":["post-14720","page","type-page","status-publish","hentry"],"_links":{"self":[{"href":"https:\/\/grancomision.media\/ca\/wp-json\/wp\/v2\/pages\/14720","targetHints":{"allow":["GET"]}}],"collection":[{"href":"https:\/\/grancomision.media\/ca\/wp-json\/wp\/v2\/pages"}],"about":[{"href":"https:\/\/grancomision.media\/ca\/wp-json\/wp\/v2\/types\/page"}],"author":[{"embeddable":true,"href":"https:\/\/grancomision.media\/ca\/wp-json\/wp\/v2\/users\/1"}],"replies":[{"embeddable":true,"href":"https:\/\/grancomision.media\/ca\/wp-json\/wp\/v2\/comments?post=14720"}],"version-history":[{"count":3,"href":"https:\/\/grancomision.media\/ca\/wp-json\/wp\/v2\/pages\/14720\/revisions"}],"predecessor-version":[{"id":14723,"href":"https:\/\/grancomision.media\/ca\/wp-json\/wp\/v2\/pages\/14720\/revisions\/14723"}],"wp:attachment":[{"href":"https:\/\/grancomision.media\/ca\/wp-json\/wp\/v2\/media?parent=14720"}],"curies":[{"name":"wp","href":"https:\/\/api.w.org\/{rel}","templated":true}]}}